{"id":7619,"date":"2026-02-26T10:12:53","date_gmt":"2026-02-26T10:12:53","guid":{"rendered":"https:\/\/staging.ile-ila.com\/?page_id=7619"},"modified":"2026-03-04T10:33:39","modified_gmt":"2026-03-04T10:33:39","slug":"home","status":"publish","type":"page","link":"https:\/\/staging.ile-ila.com\/","title":{"rendered":"Home"},"content":{"rendered":"\t\t<div data-elementor-type=\"wp-page\" data-elementor-id=\"7619\" class=\"elementor elementor-7619\">\n\t\t\t\t<div class=\"elementor-element elementor-element-aad22bd e-con-full e-flex wpr-particle-no wpr-jarallax-no wpr-parallax-no wpr-sticky-section-no e-con e-parent\" data-id=\"aad22bd\" data-element_type=\"container\" data-e-type=\"container\" data-settings=\"{&quot;position&quot;:&quot;fixed&quot;}\">\n\t\t<div class=\"elementor-element elementor-element-9b04e7b e-con-full e-flex wpr-particle-no wpr-jarallax-no wpr-parallax-no wpr-sticky-section-no e-con e-child\" data-id=\"9b04e7b\" data-element_type=\"container\" data-e-type=\"container\" data-settings=\"{&quot;background_background&quot;:&quot;classic&quot;}\">\n\t\t\t\t<\/div>\n\t\t<div class=\"elementor-element elementor-element-f40f5de e-con-full e-flex wpr-particle-no wpr-jarallax-no wpr-parallax-no wpr-sticky-section-no e-con e-child\" data-id=\"f40f5de\" data-element_type=\"container\" data-e-type=\"container\" data-settings=\"{&quot;background_background&quot;:&quot;classic&quot;}\">\n\t\t\t\t<div class=\"elementor-element elementor-element-2e01a74 elementor-widget elementor-widget-slider_revolution\" data-id=\"2e01a74\" data-element_type=\"widget\" data-e-type=\"widget\" data-widget_type=\"slider_revolution.default\">\n\t\t\t\t\t\n\t\t<div class=\"wp-block-themepunch-revslider\">\n\t\t\t\t<p class=\"rs-p-wp-fix\"><\/p>\n\t\t\t\t<sr7-module data-alias=\"main-slider\" data-id=\"2\" id=\"SR7_2_1\" class=\"rs-ov-hidden\" data-version=\"6.7.40\">\n\t\t\t\t\t<sr7-adjuster><\/sr7-adjuster>\n\t\t\t\t\t<sr7-content>\n\t\t\t\t\t\t<sr7-slide id=\"SR7_2_1-3\" data-key=\"3\">\n\t\t\t\t\t\t\t<sr7-bg id=\"SR7_2_1-3-2\" class=\"sr7-layer\"><noscript><img decoding=\"async\" src=\"https:\/\/staging.ile-ila.com\/wp-content\/uploads\/2026\/02\/1.jpg\" alt=\"\" title=\"1\"><\/noscript><\/sr7-bg>\n\t\t\t\t\t\t\t<a id=\"SR7_2_1-3-0\" class=\"sr7-layer\" href=\"https:\/\/staging.ile-ila.com\/index.php\/collections\/#adunni\" target=\"_self\">VIEW COLLECTION<\/a>\n\t\t\t\t\t\t\t<sr7-txt id=\"SR7_2_1-3-1\" class=\"sr7-layer\">\u00c0d\u00f9nn\u00ed<br \/>\nCollection<\/sr7-txt>\n\t\t\t\t\t\t<\/sr7-slide>\n\t\t\t\t\t\t<sr7-slide id=\"SR7_2_1-5\" data-key=\"5\">\n\t\t\t\t\t\t\t<sr7-bg id=\"SR7_2_1-5-5\" class=\"sr7-layer\"><noscript><img decoding=\"async\" src=\"https:\/\/staging.ile-ila.com\/wp-content\/uploads\/2026\/02\/2.jpg\" alt=\"\" title=\"2\"><\/noscript><\/sr7-bg>\n\t\t\t\t\t\t\t<a id=\"SR7_2_1-5-3\" class=\"sr7-layer\" href=\"https:\/\/staging.ile-ila.com\/index.php\/collections\/#line\" target=\"_self\">VIEW COLLECTION<\/a>\n\t\t\t\t\t\t\t<sr7-txt id=\"SR7_2_1-5-4\" class=\"sr7-layer\">Line Chair<br \/>\nCollection<\/sr7-txt>\n\t\t\t\t\t\t<\/sr7-slide>\n\t\t\t\t\t\t<sr7-slide id=\"SR7_2_1-6\" data-key=\"6\">\n\t\t\t\t\t\t\t<sr7-bg id=\"SR7_2_1-6-7\" class=\"sr7-layer\"><noscript><img decoding=\"async\" src=\"https:\/\/staging.ile-ila.com\/wp-content\/uploads\/2026\/02\/3.jpg\" alt=\"\" title=\"3\"><\/noscript><\/sr7-bg>\n\t\t\t\t\t\t\t<a id=\"SR7_2_1-6-5\" class=\"sr7-layer\" href=\"https:\/\/staging.ile-ila.com\/index.php\/collections\/#arm\" target=\"_self\">VIEW COLLECTION<\/a>\n\t\t\t\t\t\t\t<sr7-txt id=\"SR7_2_1-6-6\" class=\"sr7-layer\">Arm Chair<br \/>\nCollection<\/sr7-txt>\n\t\t\t\t\t\t<\/sr7-slide>\n\t\t\t\t\t\t<sr7-slide id=\"SR7_2_1-7\" data-key=\"7\">\n\t\t\t\t\t\t\t<sr7-bg id=\"SR7_2_1-7-10\" class=\"sr7-layer\"><noscript><img decoding=\"async\" src=\"https:\/\/staging.ile-ila.com\/wp-content\/uploads\/2026\/02\/4.jpg\" alt=\"\" title=\"4\"><\/noscript><\/sr7-bg>\n\t\t\t\t\t\t\t<a id=\"SR7_2_1-7-7\" class=\"sr7-layer\" href=\"https:\/\/staging.ile-ila.com\/index.php\/collections\/#irorun\" target=\"_self\">VIEW TABLE<\/a>\n\t\t\t\t\t\t\t<sr7-txt id=\"SR7_2_1-7-9\" class=\"sr7-layer\">Irorun<\/sr7-txt>\n\t\t\t\t\t\t<\/sr7-slide>\n\t\t\t\t\t\t<sr7-slide id=\"SR7_2_1-4\" data-key=\"4\">\n\t\t\t\t\t\t<\/sr7-slide>\n\t\t\t\t\t<\/sr7-content>\n\t\t\t\t\t<image_lists style=\"display:none\">\n\t\t\t\t\t\t<img data-src=\"\/\/staging.ile-ila.com\/wp-content\/uploads\/2026\/02\/1.jpg\" width=\"0\" height=\"0\" data-dbsrc=\"Ly9zdGFnaW5nLmlsZS1pbGEuY29tL3dwLWNvbnRlbnQvdXBsb2Fkcy8yMDI2LzAyLzEuanBn\"\/>\n\t\t\t\t\t\t<img data-src=\"\/\/staging.ile-ila.com\/wp-content\/uploads\/2026\/02\/2.jpg\" data-libid=\"7726\" data-lib=\"medialibrary\" title=\"2\" width=\"0\" height=\"0\" data-dbsrc=\"Ly9zdGFnaW5nLmlsZS1pbGEuY29tL3dwLWNvbnRlbnQvdXBsb2Fkcy8yMDI2LzAyLzIuanBn\"\/>\n\t\t\t\t\t\t<img data-src=\"\/\/staging.ile-ila.com\/wp-content\/uploads\/2026\/02\/3.jpg\" data-libid=\"7764\" data-lib=\"medialibrary\" title=\"3\" width=\"0\" height=\"0\" data-dbsrc=\"Ly9zdGFnaW5nLmlsZS1pbGEuY29tL3dwLWNvbnRlbnQvdXBsb2Fkcy8yMDI2LzAyLzMuanBn\"\/>\n\t\t\t\t\t\t<img loading=\"lazy\" data-src=\"\/\/staging.ile-ila.com\/wp-content\/uploads\/2026\/02\/4.jpg\" data-libid=\"7727\" data-lib=\"medialibrary\" title=\"4\" width=\"0\" height=\"0\" data-dbsrc=\"Ly9zdGFnaW5nLmlsZS1pbGEuY29tL3dwLWNvbnRlbnQvdXBsb2Fkcy8yMDI2LzAyLzQuanBn\"\/>\n\t\t\t\t\t<\/image_lists>\n\t\t\t\t<\/sr7-module>\n\t\t\t\t<script>\n\t\t\t\t\tSR7.PMH ??={}; SR7.PMH[\"SR7_2_1\"] = {cn:100,state:false,fn: function() { if (_tpt!==undefined && _tpt.prepareModuleHeight !== undefined) {  _tpt.prepareModuleHeight({id:\"SR7_2_1\",el:[752,752,768,960,720],type:'standard',shdw:'0',gh:[752,752,768,960,720],gw:[1240,1240,1024,778,480],vpt:['-100px&#039;,&#039;-100px&#039;,&#039;-100px&#039;,&#039;-100px&#039;,&#039;-100px'],size:{fullWidth:true, fullHeight:true},fho:'',mh:'0',onh:0,onw:0,bg:{color:'{\"orig\":\"transparent\",\"type\":\"solid\",\"string\":\"transparent\"}',image:{src:'https:\/\/staging.ile-ila.com\/wp-content\/uploads\/2026\/02\/1.jpg',size:'',position:'0% 100%',repeat:''}}});   SR7.PMH[\"SR7_2_1\"].state=true;} else if(SR7.PMH[\"SR7_2_1\"].cn-->0)\tsetTimeout( SR7.PMH[\"SR7_2_1\"].fn,19);}};SR7.PMH[\"SR7_2_1\" ].fn();\n\t\t\t\t<\/script>\n<\/div>\n\n\t\t\t\t\t\t<\/div>\n\t\t\t\t<div class=\"elementor-element elementor-element-f8c5ae2 elementor-fixed elementor-widget elementor-widget-image\" data-id=\"f8c5ae2\" data-element_type=\"widget\" data-e-type=\"widget\" data-settings=\"{&quot;_position&quot;:&quot;fixed&quot;}\" data-widget_type=\"image.default\">\n\t\t\t\t\t\t\t\t\t\t\t\t\t\t\t<img loading=\"lazy\" decoding=\"async\" width=\"800\" height=\"808\" src=\"https:\/\/staging.ile-ila.com\/wp-content\/uploads\/2026\/02\/made-in-nigeria-logo.png\" class=\"attachment-large size-large wp-image-7749\" alt=\"\" srcset=\"https:\/\/staging.ile-ila.com\/wp-content\/uploads\/2026\/02\/made-in-nigeria-logo.png 800w, https:\/\/staging.ile-ila.com\/wp-content\/uploads\/2026\/02\/made-in-nigeria-logo-100x100.png 100w\" sizes=\"(max-width: 800px) 100vw, 800px\" \/>\t\t\t\t\t\t\t\t\t\t\t\t\t\t\t<\/div>\n\t\t\t\t<\/div>\n\t\t\t\t<\/div>\n\t\t\t\t<\/div>\n\t\t","protected":false},"excerpt":{"rendered":"","protected":false},"author":1,"featured_media":0,"parent":0,"menu_order":0,"comment_status":"closed","ping_status":"closed","template":"","meta":{"site-sidebar-layout":"no-sidebar","site-content-layout":"","ast-site-content-layout":"full-width-container","site-content-style":"default","site-sidebar-style":"default","ast-global-header-display":"","ast-banner-title-visibility":"","ast-main-header-display":"","ast-hfb-above-header-display":"","ast-hfb-below-header-display":"","ast-hfb-mobile-header-display":"","site-post-title":"disabled","ast-breadcrumbs-content":"","ast-featured-img":"disabled","footer-sml-layout":"","ast-disable-related-posts":"","theme-transparent-header-meta":"","adv-header-id-meta":"","stick-header-meta":"","header-above-stick-meta":"","header-main-stick-meta":"","header-below-stick-meta":"","astra-migrate-meta-layouts":"default","ast-page-background-enabled":"default","ast-page-background-meta":{"desktop":{"background-color":"var(--ast-global-color-5)","background-image":"","background-repeat":"repeat","background-position":"center center","background-size":"auto","background-attachment":"scroll","background-type":"","background-media":"","overlay-type":"","overlay-color":"","overlay-opacity":"","overlay-gradient":""},"tablet":{"background-color":"","background-image":"","background-repeat":"repeat","background-position":"center center","background-size":"auto","background-attachment":"scroll","background-type":"","background-media":"","overlay-type":"","overlay-color":"","overlay-opacity":"","overlay-gradient":""},"mobile":{"background-color":"","background-image":"","background-repeat":"repeat","background-position":"center center","background-size":"auto","background-attachment":"scroll","background-type":"","background-media":"","overlay-type":"","overlay-color":"","overlay-opacity":"","overlay-gradient":""}},"ast-content-background-meta":{"desktop":{"background-color":"var(--ast-global-color-4)","background-image":"","background-repeat":"repeat","background-position":"center center","background-size":"auto","background-attachment":"scroll","background-type":"","background-media":"","overlay-type":"","overlay-color":"","overlay-opacity":"","overlay-gradient":""},"tablet":{"background-color":"var(--ast-global-color-4)","background-image":"","background-repeat":"repeat","background-position":"center center","background-size":"auto","background-attachment":"scroll","background-type":"","background-media":"","overlay-type":"","overlay-color":"","overlay-opacity":"","overlay-gradient":""},"mobile":{"background-color":"var(--ast-global-color-4)","background-image":"","background-repeat":"repeat","background-position":"center center","background-size":"auto","background-attachment":"scroll","background-type":"","background-media":"","overlay-type":"","overlay-color":"","overlay-opacity":"","overlay-gradient":""}},"footnotes":""},"class_list":["post-7619","page","type-page","status-publish","hentry"],"_links":{"self":[{"href":"https:\/\/staging.ile-ila.com\/index.php\/wp-json\/wp\/v2\/pages\/7619","targetHints":{"allow":["GET"]}}],"collection":[{"href":"https:\/\/staging.ile-ila.com\/index.php\/wp-json\/wp\/v2\/pages"}],"about":[{"href":"https:\/\/staging.ile-ila.com\/index.php\/wp-json\/wp\/v2\/types\/page"}],"author":[{"embeddable":true,"href":"https:\/\/staging.ile-ila.com\/index.php\/wp-json\/wp\/v2\/users\/1"}],"replies":[{"embeddable":true,"href":"https:\/\/staging.ile-ila.com\/index.php\/wp-json\/wp\/v2\/comments?post=7619"}],"version-history":[{"count":64,"href":"https:\/\/staging.ile-ila.com\/index.php\/wp-json\/wp\/v2\/pages\/7619\/revisions"}],"predecessor-version":[{"id":7866,"href":"https:\/\/staging.ile-ila.com\/index.php\/wp-json\/wp\/v2\/pages\/7619\/revisions\/7866"}],"wp:attachment":[{"href":"https:\/\/staging.ile-ila.com\/index.php\/wp-json\/wp\/v2\/media?parent=7619"}],"curies":[{"name":"wp","href":"https:\/\/api.w.org\/{rel}","templated":true}]}}